{"id":42,"date":"2017-11-07T16:58:26","date_gmt":"2017-11-07T15:58:26","guid":{"rendered":"http:\/\/singingreligion.nl\/?page_id=42"},"modified":"2017-11-07T16:58:26","modified_gmt":"2017-11-07T15:58:26","slug":"gospelgroup-singing-religion","status":"publish","type":"page","link":"https:\/\/www.singingreligion.nl\/?page_id=42","title":{"rendered":"Gospelgroup Singing Religion"},"content":{"rendered":"<p><strong>Hoe het allemaal begon:<\/strong><\/p>\n<p><img loading=\"lazy\" decoding=\"async\" class=\"alignnone size-medium wp-image-125\" src=\"https:\/\/singingreligion.nl\/wp-content\/uploads\/2017\/11\/rokende-turf-3-251x300.jpg\" alt=\"\" width=\"251\" height=\"300\" srcset=\"https:\/\/www.singingreligion.nl\/wp-content\/uploads\/2017\/11\/rokende-turf-3-251x300.jpg 251w, https:\/\/www.singingreligion.nl\/wp-content\/uploads\/2017\/11\/rokende-turf-3-768x918.jpg 768w, https:\/\/www.singingreligion.nl\/wp-content\/uploads\/2017\/11\/rokende-turf-3.jpg 800w\" sizes=\"auto, (max-width: 251px) 100vw, 251px\" \/><\/p>\n<p><img loading=\"lazy\" decoding=\"async\" class=\"alignnone size-medium wp-image-124\" src=\"https:\/\/singingreligion.nl\/wp-content\/uploads\/2017\/11\/rokende-turf-2-250x300.jpg\" alt=\"\" width=\"250\" height=\"300\" srcset=\"https:\/\/www.singingreligion.nl\/wp-content\/uploads\/2017\/11\/rokende-turf-2-250x300.jpg 250w, https:\/\/www.singingreligion.nl\/wp-content\/uploads\/2017\/11\/rokende-turf-2-768x921.jpg 768w, https:\/\/www.singingreligion.nl\/wp-content\/uploads\/2017\/11\/rokende-turf-2.jpg 784w\" sizes=\"auto, (max-width: 250px) 100vw, 250px\" \/><\/p>\n<p>Arie en Dirk Jan ontmoeten elkaar op een jeugdweekend van de Chr. Geref. jeugdverenigingen van het district Gouda. Dit district bestond uit de verenigingen van Alphen a\/d Rijn, Gouda en Boskoop.<\/p>\n<p>Dit weekend werd gehouden in de Rokende Turf in Sluipwijk aan de Reeuwijkse plassen.<\/p>\n<p><img loading=\"lazy\" decoding=\"async\" class=\"alignnone size-medium wp-image-123\" src=\"https:\/\/singingreligion.nl\/wp-content\/uploads\/2017\/11\/rokende-turf-1-258x300.jpg\" alt=\"\" width=\"258\" height=\"300\" srcset=\"https:\/\/www.singingreligion.nl\/wp-content\/uploads\/2017\/11\/rokende-turf-1-258x300.jpg 258w, https:\/\/www.singingreligion.nl\/wp-content\/uploads\/2017\/11\/rokende-turf-1-768x894.jpg 768w, https:\/\/www.singingreligion.nl\/wp-content\/uploads\/2017\/11\/rokende-turf-1.jpg 809w\" sizes=\"auto, (max-width: 258px) 100vw, 258px\" \/><\/p>\n<p>Er werd veel muziek gemaakt dat weekend.<\/p>\n<p>Op deze foto Matthijs Warnaar,\u00a0 Daan Oskam (met trompet) en op de achtergrond Gerard de Goeij.<\/p>\n<p>Het enthousiast gestarte samenspel resulteerde in het oprichten van een Gospelgroep&#8221; Mission Selection&#8221;<br \/>\nmet diezelfde Gerard de Goeij als \u00e9\u00e9n van de zangers.<br \/>\nNa de Mission Selection en District Gospelband ontstond in het voorjaar van 1972 uiteindelijk Singing Religion.<\/p>\n<p><img loading=\"lazy\" decoding=\"async\" class=\"alignnone size-medium wp-image-128\" src=\"https:\/\/singingreligion.nl\/wp-content\/uploads\/2017\/11\/SR-Boskoop-2-269x300.jpg\" alt=\"\" width=\"269\" height=\"300\" srcset=\"https:\/\/www.singingreligion.nl\/wp-content\/uploads\/2017\/11\/SR-Boskoop-2-269x300.jpg 269w, https:\/\/www.singingreligion.nl\/wp-content\/uploads\/2017\/11\/SR-Boskoop-2-768x856.jpg 768w, https:\/\/www.singingreligion.nl\/wp-content\/uploads\/2017\/11\/SR-Boskoop-2.jpg 885w\" sizes=\"auto, (max-width: 269px) 100vw, 269px\" \/><\/p>\n<p><img loading=\"lazy\" decoding=\"async\" class=\"alignnone size-medium wp-image-127\" src=\"https:\/\/singingreligion.nl\/wp-content\/uploads\/2017\/11\/SR-Boskoop-1-281x300.jpg\" alt=\"\" width=\"281\" height=\"300\" srcset=\"https:\/\/www.singingreligion.nl\/wp-content\/uploads\/2017\/11\/SR-Boskoop-1-281x300.jpg 281w, https:\/\/www.singingreligion.nl\/wp-content\/uploads\/2017\/11\/SR-Boskoop-1-768x819.jpg 768w, https:\/\/www.singingreligion.nl\/wp-content\/uploads\/2017\/11\/SR-Boskoop-1.jpg 878w\" sizes=\"auto, (max-width: 281px) 100vw, 281px\" \/><\/p>\n<p><img loading=\"lazy\" decoding=\"async\" class=\"alignnone size-medium wp-image-154\" src=\"https:\/\/singingreligion.nl\/wp-content\/uploads\/2017\/11\/Arie-en-DJ-Boskoop-300x296.jpg\" alt=\"\" width=\"300\" height=\"296\" srcset=\"https:\/\/www.singingreligion.nl\/wp-content\/uploads\/2017\/11\/Arie-en-DJ-Boskoop-300x296.jpg 300w, https:\/\/www.singingreligion.nl\/wp-content\/uploads\/2017\/11\/Arie-en-DJ-Boskoop-768x758.jpg 768w, https:\/\/www.singingreligion.nl\/wp-content\/uploads\/2017\/11\/Arie-en-DJ-Boskoop.jpg 883w\" sizes=\"auto, (max-width: 300px) 100vw, 300px\" \/><\/p>\n<p>Een buitenoptreden\u00a0 voor de Gereformeerde Kerk<br \/>\nin Boskoop op 13 september 1975.<br \/>\nHet was nogal winderig die dag zodat om de microfoons<br \/>\nzakdoeken werden bevestigd!<\/p>\n<p>Op 30 mei 1978 vond de premi\u00e8re plaats van de musical<br \/>\n&#8216;Efeze&#8217; in de toenmalige Gereformeerde kerk aan de Spoorstraat in Bodegraven.<\/p>\n<p><img loading=\"lazy\" decoding=\"async\" class=\"alignnone size-medium wp-image-221\" src=\"https:\/\/singingreligion.nl\/wp-content\/uploads\/2017\/12\/Scan-25-A-300x246.jpg\" alt=\"\" width=\"300\" height=\"246\" srcset=\"https:\/\/www.singingreligion.nl\/wp-content\/uploads\/2017\/12\/Scan-25-A-300x246.jpg 300w, https:\/\/www.singingreligion.nl\/wp-content\/uploads\/2017\/12\/Scan-25-A-1024x839.jpg 1024w, https:\/\/www.singingreligion.nl\/wp-content\/uploads\/2017\/12\/Scan-25-A-768x630.jpg 768w, https:\/\/www.singingreligion.nl\/wp-content\/uploads\/2017\/12\/Scan-25-A-1536x1259.jpg 1536w, https:\/\/www.singingreligion.nl\/wp-content\/uploads\/2017\/12\/Scan-25-A-1568x1285.jpg 1568w, https:\/\/www.singingreligion.nl\/wp-content\/uploads\/2017\/12\/Scan-25-A.jpg 1919w\" sizes=\"auto, (max-width: 300px) 100vw, 300px\" \/><\/p>\n<p>Op 29 november en 4 december 1978 wordt deze musical opgenomen voor een LP in de ontmoetingskerk van Waddinxveen.<\/p>\n<p><strong>&#8220;EFEZE&#8221;<br \/>\n<\/strong>een muzikale belijdenis<\/p>\n<p><a href=\"https:\/\/singingreligion.nl\/wp-content\/uploads\/2017\/12\/ouverture-cplt-nieuw.mp3\">&#8220;Ouverture&#8221;<\/a><\/p>\n<p><a href=\"https:\/\/singingreligion.nl\/wp-content\/uploads\/2017\/12\/door-zijn-zoon-kort.mp3\">&#8220;Door zijn Zoon&#8221;<\/a><\/p>\n<p><a href=\"https:\/\/singingreligion.nl\/wp-content\/uploads\/2017\/12\/saulus-is-op-komst.mp3\">&#8220;Saulus is op komst&#8221;<\/a><\/p>\n<p><a href=\"https:\/\/singingreligion.nl\/wp-content\/uploads\/2017\/12\/groet.mp3\">&#8220;Groet&#8221;<\/a><\/p>\n<p>Volgens Harmen heeft Hans dit gedirigeerd bij de opname.<\/p>\n<p><a href=\"https:\/\/singingreligion.nl\/wp-content\/uploads\/2017\/12\/door-zij-zoon-lang.mp3\">&#8220;Door zijn Zoon&#8221;<\/a><\/p>\n<p><a href=\"https:\/\/singingreligion.nl\/wp-content\/uploads\/2017\/12\/alles-wat-in-tel-is.mp3\">&#8220;Alles wat in tel is&#8221;<\/a><\/p>\n<p><a href=\"https:\/\/singingreligion.nl\/wp-content\/uploads\/2017\/12\/de-genade-van-christus.mp3\">&#8220;De genade van Christus&#8221;<\/a><\/p>\n<p><a href=\"https:\/\/singingreligion.nl\/wp-content\/uploads\/2017\/12\/samen-mogen-wij.mp3\">&#8220;Samen mogen wij&#8221;<\/a><\/p>\n<p><a href=\"https:\/\/singingreligion.nl\/wp-content\/uploads\/2017\/12\/jezus-chr-stierf-voor-mij.mp3\">&#8220;Jezus Christus stierf voor mij&#8221;<\/a><\/p>\n<p><a href=\"https:\/\/singingreligion.nl\/wp-content\/uploads\/2017\/12\/genade.mp3\">&#8220;Genade&#8221;<\/a><\/p>\n<p><a href=\"https:\/\/singingreligion.nl\/wp-content\/uploads\/2017\/12\/leef.mp3\">&#8220;Leef&#8221;<\/a><\/p>\n<p><a href=\"https:\/\/singingreligion.nl\/wp-content\/uploads\/2017\/12\/een-geloof-1-doop.mp3\">&#8220;\u00e9\u00e9n geloof, \u00e9\u00e9n doop, \u00e9\u00e9n Heer&#8221;<\/a><\/p>\n<p><a href=\"https:\/\/singingreligion.nl\/wp-content\/uploads\/2017\/12\/je-hebt-chr.-leren-kennen.mp3\">&#8220;Je hebt Christus leren kennen&#8221;<\/a><\/p>\n<p><a href=\"https:\/\/singingreligion.nl\/wp-content\/uploads\/2017\/12\/als-je-houdt-van-elkaar.mp3\">&#8220;Als je houdt van elkaar&#8221;<\/a><\/p>\n<p>De stress sloeg toe bij Janny en Henk want dit liedje<br \/>\nmoest nog tegen middernacht gezongen worden.<br \/>\nHans speelt op een geleende Ovation akoestische gitaar,<br \/>\ntoentertijd het summum op het gebied van elektrisch<br \/>\nversterkte akoestische gitaren.<\/p>\n<p><a href=\"https:\/\/singingreligion.nl\/wp-content\/uploads\/2017\/12\/vertel-de-kinderen-vd-Heer.mp3\">&#8220;Vertel de kinderen van de Heer&#8221;<\/a><\/p>\n<p><a href=\"https:\/\/singingreligion.nl\/wp-content\/uploads\/2017\/12\/eens-zullen-wij-het-winnen.mp3\">&#8220;Eens zullen wij het winnen van de dood&#8221;<\/a><\/p>\n<p><a href=\"https:\/\/singingreligion.nl\/wp-content\/uploads\/2017\/12\/eens-zullen-wij-slot.mp3\">&#8220;Efeze \/ Eens zullen wij het winnen van de dood&#8221;<\/a><\/p>\n<p>Het heeft lang geduurd voor we 500 LP&#8217;s in handen kregen.<br \/>\nBij de eerste levering zat het gat niet midden in de plaat<br \/>\ndus jankte alles en de 2e levering was ook niet goed: de<br \/>\nplaten waren &#8220;golvig&#8221;en krom.<br \/>\nDe 3e levering was goed.<\/p>\n<p>&nbsp;<\/p>\n<p>&nbsp;<\/p>\n<p><img loading=\"lazy\" decoding=\"async\" class=\"wp-image-61 size-large alignnone\" src=\"https:\/\/singingreligion.nl\/wp-content\/uploads\/2017\/11\/fotos-sr-de-bruggen-1024x648.jpg\" alt=\"\" width=\"525\" height=\"332\" srcset=\"https:\/\/www.singingreligion.nl\/wp-content\/uploads\/2017\/11\/fotos-sr-de-bruggen-1024x648.jpg 1024w, https:\/\/www.singingreligion.nl\/wp-content\/uploads\/2017\/11\/fotos-sr-de-bruggen-300x190.jpg 300w, https:\/\/www.singingreligion.nl\/wp-content\/uploads\/2017\/11\/fotos-sr-de-bruggen-768x486.jpg 768w, https:\/\/www.singingreligion.nl\/wp-content\/uploads\/2017\/11\/fotos-sr-de-bruggen.jpg 1459w\" sizes=\"auto, (max-width: 525px) 100vw, 525px\" \/><br \/>\n<strong>Singing Religion<\/strong> tijdens een optreden in het <em>Dorpshuis<\/em> van de <em>Hooge Burch\u00a0<\/em>in Zwammerdam<br \/>\nop 26 december 1981.<\/p>\n<p><img loading=\"lazy\" decoding=\"async\" class=\"wp-image-63 size-large alignnone\" src=\"https:\/\/singingreligion.nl\/wp-content\/uploads\/2017\/11\/presentatie-musical-vision-1024x704.jpg\" alt=\"\" width=\"525\" height=\"361\" srcset=\"https:\/\/www.singingreligion.nl\/wp-content\/uploads\/2017\/11\/presentatie-musical-vision-1024x704.jpg 1024w, https:\/\/www.singingreligion.nl\/wp-content\/uploads\/2017\/11\/presentatie-musical-vision-300x206.jpg 300w, https:\/\/www.singingreligion.nl\/wp-content\/uploads\/2017\/11\/presentatie-musical-vision-768x528.jpg 768w, https:\/\/www.singingreligion.nl\/wp-content\/uploads\/2017\/11\/presentatie-musical-vision-1536x1057.jpg 1536w, https:\/\/www.singingreligion.nl\/wp-content\/uploads\/2017\/11\/presentatie-musical-vision-1568x1079.jpg 1568w, https:\/\/www.singingreligion.nl\/wp-content\/uploads\/2017\/11\/presentatie-musical-vision.jpg 1967w\" sizes=\"auto, (max-width: 525px) 100vw, 525px\" \/><br \/>\nDe presentatie van de LP &#8216;<strong>A Musical Vision<\/strong>&#8216;, begin jaren &#8217;80.<br \/>\n<em>Bram Keizer<\/em> overhandigde een eerste exemplaar aan <em>Matthijs Warnaar sr<\/em>.<\/p>\n<p>&nbsp;<\/p>\n<p>&nbsp;<\/p>\n","protected":false},"excerpt":{"rendered":"<p>Hoe het allemaal begon: Arie en Dirk Jan ontmoeten elkaar op een jeugdweekend van de Chr. Geref. jeugdverenigingen van het district Gouda. Dit district bestond uit de verenigingen van Alphen a\/d Rijn, Gouda en Boskoop. Dit weekend werd gehouden in de Rokende Turf in Sluipwijk aan de Reeuwijkse plassen. Er werd veel muziek gemaakt dat &hellip; <\/p>\n<p class=\"link-more\"><a href=\"https:\/\/www.singingreligion.nl\/?page_id=42\" class=\"more-link\">Lees verder <span class=\"screen-reader-text\">&#8220;Gospelgroup Singing Religion&#8221;<\/span><\/a><\/p>\n","protected":false},"author":1,"featured_media":0,"parent":0,"menu_order":0,"comment_status":"closed","ping_status":"closed","template":"","meta":{"footnotes":""},"class_list":["post-42","page","type-page","status-publish","hentry"],"_links":{"self":[{"href":"https:\/\/www.singingreligion.nl\/index.php?rest_route=\/wp\/v2\/pages\/42","targetHints":{"allow":["GET"]}}],"collection":[{"href":"https:\/\/www.singingreligion.nl\/index.php?rest_route=\/wp\/v2\/pages"}],"about":[{"href":"https:\/\/www.singingreligion.nl\/index.php?rest_route=\/wp\/v2\/types\/page"}],"author":[{"embeddable":true,"href":"https:\/\/www.singingreligion.nl\/index.php?rest_route=\/wp\/v2\/users\/1"}],"replies":[{"embeddable":true,"href":"https:\/\/www.singingreligion.nl\/index.php?rest_route=%2Fwp%2Fv2%2Fcomments&post=42"}],"version-history":[{"count":0,"href":"https:\/\/www.singingreligion.nl\/index.php?rest_route=\/wp\/v2\/pages\/42\/revisions"}],"wp:attachment":[{"href":"https:\/\/www.singingreligion.nl\/index.php?rest_route=%2Fwp%2Fv2%2Fmedia&parent=42"}],"curies":[{"name":"wp","href":"https:\/\/api.w.org\/{rel}","templated":true}]}}